{"id":23,"date":"2013-05-09T11:31:42","date_gmt":"2013-05-09T09:31:42","guid":{"rendered":"https:\/\/tirol-web.at\/?page_id=23"},"modified":"2023-02-14T00:49:58","modified_gmt":"2023-02-13T22:49:58","slug":"imrpessum","status":"publish","type":"page","link":"https:\/\/www.tirol-web.at\/","title":{"rendered":"Impressum"},"content":{"rendered":"<p><strong>Tirol-Web unterliegt der Gesch\u00e4ftsf\u00fchrung durch<\/strong>\u00a0Josef Gilmozzi<br \/>+43 660 5512320<br \/>Mechatroniker f\u00fcr Elektronik, B\u00fcro-und EDV Systemtechnik<br \/>(Handwerk) gem\u00e4\u00df \u00a7 94 Z 49 GewO 1994<br \/>Saglstrasse 23<br \/>A-6410 Telfs<br \/>Gewerberegisternummer: 701 33106<br \/>UID: ATU66290729<\/p>\n<p><b>Support<\/b><br \/>support@tirol-web.at<\/p>\n<p><strong>Info<br \/><\/strong>office@tirol-web.at<\/p>\n<p>\u00a0<\/p>\n<p>\u00a0<\/p>\n<p>\u00a0<\/p>\n<p>\u00a0<\/p>\n\n\n<hr>\n\n\n\n<div class=\"is-layout-flex wp-container-3 wp-block-columns\">\n<div class=\"is-layout-flow wp-block-column\">\n<a href=\"https:\/\/anydesk.com\/de\/downloads\/windows\">Remoteunterst\u00fctzung<\/a>\n<p><sub>\nBei Anklicken des Links &#8222;Remoteunterst\u00fctzung&#8220;, stimmen sie der \u00dcbertragung von m\u00f6glichen Personenbezogenen Daten in ein nicht EU land zu!<\/sub><\/p>\n<\/div>\n\n\n\n<div class=\"is-layout-flow wp-block-column\">\n<div style=\"display: flex; justify-content: flex-end;\">\n  <div>\n    Wir sind Lenovo Partner\n    <p><img decoding=\"async\" src=\"https:\/\/www.tirol-web.at\/wp-content\/uploads\/2023\/02\/Lenovo_Logo-e1676327092800.png\" alt=\"Lenovo\" style=\"margin-left: 10px;\"><\/p>\n  <\/div>\n<\/div>\n\n\n<\/div>\n<\/div>\n","protected":false},"excerpt":{"rendered":"<p>Tirol-Web unterliegt der Gesch\u00e4ftsf\u00fchrung durch\u00a0Josef Gilmozzi+43 660 5512320Mechatroniker f\u00fcr Elektronik, B\u00fcro-und EDV Systemtechnik(Handwerk) gem\u00e4\u00df \u00a7 94 Z 49 GewO 1994Saglstrasse 23A-6410 TelfsGewerberegisternummer: 701 33106UID: ATU66290729 Supportsupport@tirol-web.at Infooffice@tirol-web.at \u00a0 \u00a0 \u00a0 \u00a0 Remoteunterst\u00fctzung Bei Anklicken des Links &#8222;Remoteunterst\u00fctzung&#8220;, stimmen sie der \u00dcbertragung von m\u00f6glichen Personenbezogenen Daten in ein nicht EU land zu! Wir sind Lenovo Partner<\/p>\n","protected":false},"author":1,"featured_media":0,"parent":0,"menu_order":2,"comment_status":"closed","ping_status":"closed","template":"","meta":[],"_links":{"self":[{"href":"https:\/\/www.tirol-web.at\/index.php?rest_route=\/wp\/v2\/pages\/23"}],"collection":[{"href":"https:\/\/www.tirol-web.at\/index.php?rest_route=\/wp\/v2\/pages"}],"about":[{"href":"https:\/\/www.tirol-web.at\/index.php?rest_route=\/wp\/v2\/types\/page"}],"author":[{"embeddable":true,"href":"https:\/\/www.tirol-web.at\/index.php?rest_route=\/wp\/v2\/users\/1"}],"replies":[{"embeddable":true,"href":"https:\/\/www.tirol-web.at\/index.php?rest_route=%2Fwp%2Fv2%2Fcomments&post=23"}],"version-history":[{"count":29,"href":"https:\/\/www.tirol-web.at\/index.php?rest_route=\/wp\/v2\/pages\/23\/revisions"}],"predecessor-version":[{"id":145,"href":"https:\/\/www.tirol-web.at\/index.php?rest_route=\/wp\/v2\/pages\/23\/revisions\/145"}],"wp:attachment":[{"href":"https:\/\/www.tirol-web.at\/index.php?rest_route=%2Fwp%2Fv2%2Fmedia&parent=23"}],"curies":[{"name":"wp","href":"https:\/\/api.w.org\/{rel}","templated":true}]}}